{"id":16902,"date":"2018-09-14T13:51:46","date_gmt":"2018-09-14T11:51:46","guid":{"rendered":"https:\/\/alonsoglass.eu\/ref-1-auguste-jean\/"},"modified":"2018-09-21T11:53:23","modified_gmt":"2018-09-21T09:53:23","slug":"auguste-jean","status":"publish","type":"page","link":"https:\/\/alonsoglass.eu\/es\/auguste-jean\/","title":{"rendered":"Auguste Jean"},"content":{"rendered":"<div id=\"cmsmasters_row_rv2xs1bc5e\" class=\"cmsmasters_row cmsmasters_color_scheme_default cmsmasters_row_top_default cmsmasters_row_bot_default cmsmasters_row_boxed\">\n<div class=\"cmsmasters_row_outer_parent\">\n<div class=\"cmsmasters_row_outer\">\n<div class=\"cmsmasters_row_inner\">\n<div class=\"cmsmasters_row_margin\">\n<div id=\"cmsmasters_column_zaotmog5g\" class=\"cmsmasters_column one_first\">\n<div class=\"cmsmasters_column_inner\"><\/div><\/div>\n<\/div>\n<\/div>\n<\/div>\n<\/div>\n<\/div>\n<div id=\"cmsmasters_row_6la7nd7zg4\" class=\"cmsmasters_row cmsmasters_color_scheme_default cmsmasters_row_top_default cmsmasters_row_bot_default cmsmasters_row_boxed\">\n<div class=\"cmsmasters_row_outer_parent\">\n<div class=\"cmsmasters_row_outer\">\n<div class=\"cmsmasters_row_inner\">\n<div class=\"cmsmasters_row_margin\">\n<div id=\"cmsmasters_column_dhhiifby6d\" class=\"cmsmasters_column one_first\">\n<div class=\"cmsmasters_column_inner\"><div id=\"cmsmasters_heading_nhrus5d2ki\" class=\"cmsmasters_heading_wrap cmsmasters_heading_align_left\">\n\t<h2 class=\"cmsmasters_heading\">ref.1 Auguste Jean<\/h2>\n<\/div><div id=\"cmsmasters_gallery_m9s7nacjp5\" class=\"cmsmasters_gallery_wrap\" data-type=\"masonry\" data-count=\"0\"><ul class=\"cmsmasters_gallery cmsmasters_4 cmsmasters_more_items_loader\"><li class=\"cmsmasters_gallery_item\"><figure><a href=\"https:\/\/alonsoglass.eu\/wp-content\/uploads\/2018\/09\/1a_LR.jpg\" rel=\"ilightbox[m9s7nacjp5]\"><img width=\"800\" height=\"693\" src=\"https:\/\/alonsoglass.eu\/wp-content\/uploads\/2018\/09\/1a_LR.jpg\" class=\"attachment-full size-full\" alt=\"\" loading=\"lazy\" srcset=\"https:\/\/alonsoglass.eu\/wp-content\/uploads\/2018\/09\/1a_LR.jpg 800w, https:\/\/alonsoglass.eu\/wp-content\/uploads\/2018\/09\/1a_LR-300x260.jpg 300w, https:\/\/alonsoglass.eu\/wp-content\/uploads\/2018\/09\/1a_LR-768x665.jpg 768w, https:\/\/alonsoglass.eu\/wp-content\/uploads\/2018\/09\/1a_LR-580x502.jpg 580w\" sizes=\"(max-width: 800px) 100vw, 800px\" \/><\/a><\/figure><\/li><li class=\"cmsmasters_gallery_item\"><figure><a href=\"https:\/\/alonsoglass.eu\/wp-content\/uploads\/2018\/08\/ikebana_alonso_design_10-e1536927940465.jpg\" rel=\"ilightbox[m9s7nacjp5]\"><img width=\"700\" height=\"1049\" src=\"https:\/\/alonsoglass.eu\/wp-content\/uploads\/2018\/08\/ikebana_alonso_design_10-e1536927940465.jpg\" class=\"attachment-full size-full\" alt=\"\" loading=\"lazy\" \/><\/a><\/figure><\/li><\/ul><\/div><div class=\"cmsmasters_text\">\n<p>Peque\u00f1a jardinera de secci\u00f3n rectangular, de vidrio color topacio, trabajada con herramienta. Base tetr\u00e1poda, cuatro gotas en las esquinas y cord\u00f3n festoneado en el borde, todo de vidrio azul irisado con reflejos cobrizos, aplicado. 1874-78. Firma esmaltada <em>A[uguste] Jean<\/em>, en la marca del pontil.<\/p>\n<p>Decoraci\u00f3n: motivos geom\u00e9tricos de inspiraci\u00f3n orientalizante y florecillas de esmaltes duros pol\u00edcromos y perfil dorado.<\/p>\n<p>H.: 11, long.: 13, larg.: 7<br \/>\nref Designmuseum\u00a0: Alonso-1<br \/>\nRef Catalogue\u00a0: 6<\/p>\n<p>&nbsp;<\/p>\n<\/div>\n<\/div><\/div>\n<\/div>\n<\/div>\n<\/div>\n<\/div>\n<\/div>\n<div id=\"cmsmasters_row_qhhubadbsl\" class=\"cmsmasters_row cmsmasters_color_scheme_default cmsmasters_row_top_default cmsmasters_row_bot_default cmsmasters_row_boxed\">\n<div class=\"cmsmasters_row_outer_parent\">\n<div class=\"cmsmasters_row_outer\">\n<div class=\"cmsmasters_row_inner\">\n<div class=\"cmsmasters_row_margin\">\n<div id=\"cmsmasters_column_a9rrli1m9\" class=\"cmsmasters_column one_first\">\n<div class=\"cmsmasters_column_inner\"><div class=\"cmsmasters_text\">\n<h4 style=\"text-align: center;\"><a href=\"https:\/\/alonsoglass.eu\/list\/\"><strong>Return to the highlight list<\/strong><\/a><\/h4>\n<\/div>\n<\/div><\/div>\n<\/div>\n<\/div>\n<\/div>\n<\/div>\n<\/div>\n\n","protected":false},"excerpt":{"rendered":"","protected":false},"author":1,"featured_media":16886,"parent":0,"menu_order":0,"comment_status":"closed","ping_status":"closed","template":"","meta":[],"_links":{"self":[{"href":"https:\/\/alonsoglass.eu\/es\/wp-json\/wp\/v2\/pages\/16902\/"}],"collection":[{"href":"https:\/\/alonsoglass.eu\/es\/wp-json\/wp\/v2\/pages\/"}],"about":[{"href":"https:\/\/alonsoglass.eu\/es\/wp-json\/wp\/v2\/types\/page\/"}],"author":[{"embeddable":true,"href":"https:\/\/alonsoglass.eu\/es\/wp-json\/wp\/v2\/users\/1\/"}],"replies":[{"embeddable":true,"href":"https:\/\/alonsoglass.eu\/es\/wp-json\/wp\/v2\/comments\/?post=16902"}],"version-history":[{"count":3,"href":"https:\/\/alonsoglass.eu\/es\/wp-json\/wp\/v2\/pages\/16902\/revisions\/"}],"predecessor-version":[{"id":17002,"href":"https:\/\/alonsoglass.eu\/es\/wp-json\/wp\/v2\/pages\/16902\/revisions\/17002\/"}],"wp:featuredmedia":[{"embeddable":true,"href":"https:\/\/alonsoglass.eu\/es\/wp-json\/wp\/v2\/media\/16886\/"}],"wp:attachment":[{"href":"https:\/\/alonsoglass.eu\/es\/wp-json\/wp\/v2\/media\/?parent=16902"}],"curies":[{"name":"wp","href":"https:\/\/api.w.org\/{rel}","templated":true}]}}