{"id":17849,"date":"2022-11-08T14:51:32","date_gmt":"2022-11-08T13:51:32","guid":{"rendered":"https:\/\/alonsoglass.eu\/?page_id=17849"},"modified":"2022-11-08T16:58:06","modified_gmt":"2022-11-08T15:58:06","slug":"vincent-saglier","status":"publish","type":"page","link":"https:\/\/alonsoglass.eu\/fr\/vincent-saglier\/","title":{"rendered":"Vincent Saglier"},"content":{"rendered":"<div id=\"cmsmasters_row_\" class=\"cmsmasters_row cmsmasters_color_scheme_default cmsmasters_row_top_default cmsmasters_row_bot_default cmsmasters_row_boxed\">\n<div class=\"cmsmasters_row_outer_parent\">\n<div class=\"cmsmasters_row_outer\">\n<div class=\"cmsmasters_row_inner\">\n<div class=\"cmsmasters_row_margin\">\n<div id=\"cmsmasters_column_\" class=\"cmsmasters_column one_first\">\n<div class=\"cmsmasters_column_inner\"><div class=\"cmsmasters_text\">\n<h2 style=\"text-align: left;\">Vincent Saglier<\/h2>\n<\/div>\n<div id=\"cmsmasters_gallery_xqtyp6w4rr\" class=\"cmsmasters_gallery_wrap\" data-type=\"masonry\" data-count=\"0\"><ul class=\"cmsmasters_gallery cmsmasters_4 cmsmasters_more_items_loader\"><li class=\"cmsmasters_gallery_item\"><figure><a href=\"https:\/\/alonsoglass.eu\/wp-content\/uploads\/2018\/08\/118_LR.jpg\" rel=\"ilightbox[xqtyp6w4rr]\"><img width=\"800\" height=\"1200\" src=\"https:\/\/alonsoglass.eu\/wp-content\/uploads\/2018\/08\/118_LR.jpg\" class=\"attachment-full size-full\" alt=\"\" loading=\"lazy\" srcset=\"https:\/\/alonsoglass.eu\/wp-content\/uploads\/2018\/08\/118_LR.jpg 800w, https:\/\/alonsoglass.eu\/wp-content\/uploads\/2018\/08\/118_LR-200x300.jpg 200w, https:\/\/alonsoglass.eu\/wp-content\/uploads\/2018\/08\/118_LR-768x1152.jpg 768w, https:\/\/alonsoglass.eu\/wp-content\/uploads\/2018\/08\/118_LR-683x1024.jpg 683w, https:\/\/alonsoglass.eu\/wp-content\/uploads\/2018\/08\/118_LR-580x870.jpg 580w\" sizes=\"(max-width: 800px) 100vw, 800px\" \/><\/a><\/figure><\/li><\/ul><\/div><div class=\"cmsmasters_text\">\n<p>Vase soliflore renfl\u00e9 \u00e0 la base, \u00e0 long col cylindrique, en verre opale doubl\u00e9 vert pomme et jaune citron. Monture sur le haut en m\u00e9tal argent\u00e9, repouss\u00e9e et ajour\u00e9e. Verre brut de Daum et ex\u00e9cution de la gravure et de la monture de Saglier Fr\u00e8res. 1900-1914. Monogramme\u00a0<i>V[incent] S[aglier]<\/i>\u00a0dans un cartouche horizontal avec voilier, grav\u00e9 \u00e0 l\u2019acide \u00e0 la marque du pontil. Le m\u00eame cartouche est poin\u00e7onn\u00e9 sur la monture. Sur le corps inscription\u00a0<i>Lorraine<\/i>\u00a0sur croix de Lorraine en relief.<\/p>\n<p>D\u00e9cor : libellule et sauterelle en cam\u00e9e sur fond de plantes aquatiques dans un \u00e9tang, grav\u00e9es \u00e0 l\u2019acide et reprises au touret.<\/p>\n<p>&nbsp;<\/p>\n<p>H.: 26, diam. base : 10, diam. max.: 14, diam. embouchure : 5<br \/>\nRef inventaire du Designmuseum\u00a0: Alonso-119<br \/>\nRef Catalogue\u00a0g\u00e9n\u00e9ral: 38<\/p>\n<\/div>\n<\/div><\/div>\n<div id=\"cmsmasters_column_f0xuetq6q\" class=\"cmsmasters_column one_first\">\n<div class=\"cmsmasters_column_inner\"><\/div><\/div>\n<\/div>\n<\/div>\n<\/div>\n<\/div>\n<\/div>\n\n","protected":false},"excerpt":{"rendered":"","protected":false},"author":1,"featured_media":15325,"parent":0,"menu_order":0,"comment_status":"closed","ping_status":"closed","template":"","meta":[],"_links":{"self":[{"href":"https:\/\/alonsoglass.eu\/fr\/wp-json\/wp\/v2\/pages\/17849\/"}],"collection":[{"href":"https:\/\/alonsoglass.eu\/fr\/wp-json\/wp\/v2\/pages\/"}],"about":[{"href":"https:\/\/alonsoglass.eu\/fr\/wp-json\/wp\/v2\/types\/page\/"}],"author":[{"embeddable":true,"href":"https:\/\/alonsoglass.eu\/fr\/wp-json\/wp\/v2\/users\/1\/"}],"replies":[{"embeddable":true,"href":"https:\/\/alonsoglass.eu\/fr\/wp-json\/wp\/v2\/comments\/?post=17849"}],"version-history":[{"count":3,"href":"https:\/\/alonsoglass.eu\/fr\/wp-json\/wp\/v2\/pages\/17849\/revisions\/"}],"predecessor-version":[{"id":17854,"href":"https:\/\/alonsoglass.eu\/fr\/wp-json\/wp\/v2\/pages\/17849\/revisions\/17854\/"}],"wp:featuredmedia":[{"embeddable":true,"href":"https:\/\/alonsoglass.eu\/fr\/wp-json\/wp\/v2\/media\/15325\/"}],"wp:attachment":[{"href":"https:\/\/alonsoglass.eu\/fr\/wp-json\/wp\/v2\/media\/?parent=17849"}],"curies":[{"name":"wp","href":"https:\/\/api.w.org\/{rel}","templated":true}]}}