{"id":17873,"date":"2018-09-21T13:18:17","date_gmt":"2018-09-21T11:18:17","guid":{"rendered":"https:\/\/alonsoglass.eu\/charles-graffart\/"},"modified":"2022-11-08T17:22:19","modified_gmt":"2022-11-08T16:22:19","slug":"charles-graffart","status":"publish","type":"page","link":"https:\/\/alonsoglass.eu\/fr\/charles-graffart\/","title":{"rendered":"Charles Graffart"},"content":{"rendered":"<div id=\"cmsmasters_row_\" class=\"cmsmasters_row cmsmasters_color_scheme_default cmsmasters_row_top_default cmsmasters_row_bot_default cmsmasters_row_boxed\">\n<div class=\"cmsmasters_row_outer_parent\">\n<div class=\"cmsmasters_row_outer\">\n<div class=\"cmsmasters_row_inner\">\n<div class=\"cmsmasters_row_margin\">\n<div id=\"cmsmasters_column_\" class=\"cmsmasters_column one_first\">\n<div class=\"cmsmasters_column_inner\"><div class=\"cmsmasters_text\">\n<p>&nbsp;<\/p>\n<\/div>\n<\/div><\/div>\n<\/div>\n<\/div>\n<\/div>\n<\/div>\n<\/div>\n<div id=\"cmsmasters_row_6la7nd7zg4\" class=\"cmsmasters_row cmsmasters_color_scheme_default cmsmasters_row_top_default cmsmasters_row_bot_default cmsmasters_row_boxed\">\n<div class=\"cmsmasters_row_outer_parent\">\n<div class=\"cmsmasters_row_outer\">\n<div class=\"cmsmasters_row_inner\">\n<div class=\"cmsmasters_row_margin\">\n<div id=\"cmsmasters_column_dhhiifby6d\" class=\"cmsmasters_column one_first\">\n<div class=\"cmsmasters_column_inner\"><div id=\"cmsmasters_heading_nhrus5d2ki\" class=\"cmsmasters_heading_wrap cmsmasters_heading_align_left\">\n\t<h2 class=\"cmsmasters_heading\">Charles Graffart<\/h2>\n<\/div><div id=\"cmsmasters_gallery_m9s7nacjp5\" class=\"cmsmasters_gallery_wrap\" data-type=\"masonry\" data-count=\"0\"><ul class=\"cmsmasters_gallery cmsmasters_4 cmsmasters_more_items_loader\"><li class=\"cmsmasters_gallery_item\"><figure><a href=\"https:\/\/alonsoglass.eu\/wp-content\/uploads\/2018\/08\/33_LR.jpg\" rel=\"ilightbox[m9s7nacjp5]\"><img width=\"800\" height=\"1200\" src=\"https:\/\/alonsoglass.eu\/wp-content\/uploads\/2018\/08\/33_LR.jpg\" class=\"attachment-full size-full\" alt=\"\" loading=\"lazy\" srcset=\"https:\/\/alonsoglass.eu\/wp-content\/uploads\/2018\/08\/33_LR.jpg 800w, https:\/\/alonsoglass.eu\/wp-content\/uploads\/2018\/08\/33_LR-200x300.jpg 200w, https:\/\/alonsoglass.eu\/wp-content\/uploads\/2018\/08\/33_LR-768x1152.jpg 768w, https:\/\/alonsoglass.eu\/wp-content\/uploads\/2018\/08\/33_LR-683x1024.jpg 683w, https:\/\/alonsoglass.eu\/wp-content\/uploads\/2018\/08\/33_LR-580x870.jpg 580w\" sizes=\"(max-width: 800px) 100vw, 800px\" \/><\/a><\/figure><\/li><\/ul><\/div><div class=\"cmsmasters_text\">\n<p>Vase Cardinal, cylindrique \u00e0 bord sup\u00e9rieur cr\u00e9nel\u00e9, en cristal topaze doubl\u00e9 am\u00e9thyste fonc\u00e9, taill\u00e9. Design attribu\u00e9 \u00e0 Charles Graffart, r\u00e9pertori\u00e9\u00a0<i>E[xposition] B[ruxelles] 3.<\/i><\/p>\n<p>D\u00e9cor : taille de pans plats et sur ceux-ci de lorgnettes et de zones de biseaux et de pointes de diamant.<\/p>\n<p>&nbsp;<\/p>\n<p>H.: 22, diam.: 17<br \/>\nRef inventaire du Designmuseum\u00a0: Alonso-94<br \/>\nRef Catalogue\u00a0g\u00e9n\u00e9ral: 109<\/p>\n<\/div>\n<\/div><\/div>\n<\/div>\n<\/div>\n<\/div>\n<\/div>\n<\/div>\n<div id=\"cmsmasters_row_qhhubadbsl\" class=\"cmsmasters_row cmsmasters_color_scheme_default cmsmasters_row_top_default cmsmasters_row_bot_default cmsmasters_row_boxed\">\n<div class=\"cmsmasters_row_outer_parent\">\n<div class=\"cmsmasters_row_outer\">\n<div class=\"cmsmasters_row_inner\">\n<div class=\"cmsmasters_row_margin\">\n<div id=\"cmsmasters_column_a9rrli1m9\" class=\"cmsmasters_column one_first\">\n<div class=\"cmsmasters_column_inner\"><div class=\"cmsmasters_text\">\n<h4 style=\"text-align: center;\"><a href=\"https:\/\/alonsoglass.eu\/fr\/list\/\"><strong>Return to the highlight list<\/strong><\/a><\/h4>\n<\/div>\n<\/div><\/div>\n<\/div>\n<\/div>\n<\/div>\n<\/div>\n<\/div>\n\n","protected":false},"excerpt":{"rendered":"","protected":false},"author":1,"featured_media":15190,"parent":0,"menu_order":0,"comment_status":"closed","ping_status":"closed","template":"","meta":[],"_links":{"self":[{"href":"https:\/\/alonsoglass.eu\/fr\/wp-json\/wp\/v2\/pages\/17873\/"}],"collection":[{"href":"https:\/\/alonsoglass.eu\/fr\/wp-json\/wp\/v2\/pages\/"}],"about":[{"href":"https:\/\/alonsoglass.eu\/fr\/wp-json\/wp\/v2\/types\/page\/"}],"author":[{"embeddable":true,"href":"https:\/\/alonsoglass.eu\/fr\/wp-json\/wp\/v2\/users\/1\/"}],"replies":[{"embeddable":true,"href":"https:\/\/alonsoglass.eu\/fr\/wp-json\/wp\/v2\/comments\/?post=17873"}],"version-history":[{"count":1,"href":"https:\/\/alonsoglass.eu\/fr\/wp-json\/wp\/v2\/pages\/17873\/revisions\/"}],"predecessor-version":[{"id":17874,"href":"https:\/\/alonsoglass.eu\/fr\/wp-json\/wp\/v2\/pages\/17873\/revisions\/17874\/"}],"wp:featuredmedia":[{"embeddable":true,"href":"https:\/\/alonsoglass.eu\/fr\/wp-json\/wp\/v2\/media\/15190\/"}],"wp:attachment":[{"href":"https:\/\/alonsoglass.eu\/fr\/wp-json\/wp\/v2\/media\/?parent=17873"}],"curies":[{"name":"wp","href":"https:\/\/api.w.org\/{rel}","templated":true}]}}