{"id":18091,"date":"2025-07-25T00:04:58","date_gmt":"2025-07-24T22:04:58","guid":{"rendered":"https:\/\/alonsoglass.eu\/?page_id=18091"},"modified":"2025-07-25T00:04:58","modified_gmt":"2025-07-24T22:04:58","slug":"joseph-simon-expo-brussels-1935","status":"publish","type":"page","link":"https:\/\/alonsoglass.eu\/fr\/joseph-simon-expo-brussels-1935\/","title":{"rendered":"Joseph Simon Expo Brussels 1935"},"content":{"rendered":"<div id=\"cmsmasters_row_nq6rghakvq\" class=\"cmsmasters_row cmsmasters_color_scheme_default cmsmasters_row_top_default cmsmasters_row_bot_default cmsmasters_row_boxed\">\n<div class=\"cmsmasters_row_outer_parent\">\n<div class=\"cmsmasters_row_outer\">\n<div class=\"cmsmasters_row_inner\">\n<div class=\"cmsmasters_row_margin\">\n<div id=\"cmsmasters_column_7zx3y8z2pl\" class=\"cmsmasters_column one_first\">\n<div class=\"cmsmasters_column_inner\"><\/div><\/div>\n<\/div>\n<\/div>\n<\/div>\n<\/div>\n<\/div>\n<div id=\"cmsmasters_row_62i5l9krwj\" class=\"cmsmasters_row cmsmasters_color_scheme_default cmsmasters_row_top_default cmsmasters_row_bot_default cmsmasters_row_boxed\">\n<div class=\"cmsmasters_row_outer_parent\">\n<div class=\"cmsmasters_row_outer\">\n<div class=\"cmsmasters_row_inner\">\n<div class=\"cmsmasters_row_margin\">\n<div id=\"cmsmasters_column_yshvxh80m8\" class=\"cmsmasters_column one_first\">\n<div class=\"cmsmasters_column_inner\"><\/div><\/div>\n<\/div>\n<\/div>\n<\/div>\n<\/div>\n<\/div>\n<div id=\"cmsmasters_row_80n2kv5ra4\" class=\"cmsmasters_row cmsmasters_color_scheme_default cmsmasters_row_top_default cmsmasters_row_bot_default cmsmasters_row_boxed\">\n<div class=\"cmsmasters_row_outer_parent\">\n<div class=\"cmsmasters_row_outer\">\n<div class=\"cmsmasters_row_inner\">\n<div class=\"cmsmasters_row_margin\">\n<div id=\"cmsmasters_column_rff90xtguh\" class=\"cmsmasters_column one_first\">\n<div class=\"cmsmasters_column_inner\"><div id=\"cmsmasters_heading_cztwhe0k9p\" class=\"cmsmasters_heading_wrap cmsmasters_heading_align_left\">\n\t<h2 class=\"cmsmasters_heading\">Joseph Simon<\/h2>\n<\/div><div id=\"cmsmasters_gallery_xv7979iyhj\" class=\"cmsmasters_gallery_wrap\" data-type=\"masonry\" data-count=\"0\"><ul class=\"cmsmasters_gallery cmsmasters_4 cmsmasters_more_items_loader\"><li class=\"cmsmasters_gallery_item\"><figure><a href=\"https:\/\/alonsoglass.eu\/wp-content\/uploads\/2018\/09\/1a_LR.jpg\" rel=\"ilightbox[xv7979iyhj]\"><img width=\"800\" height=\"693\" src=\"https:\/\/alonsoglass.eu\/wp-content\/uploads\/2018\/09\/1a_LR.jpg\" class=\"attachment-full size-full\" alt=\"\" loading=\"lazy\" srcset=\"https:\/\/alonsoglass.eu\/wp-content\/uploads\/2018\/09\/1a_LR.jpg 800w, https:\/\/alonsoglass.eu\/wp-content\/uploads\/2018\/09\/1a_LR-300x260.jpg 300w, https:\/\/alonsoglass.eu\/wp-content\/uploads\/2018\/09\/1a_LR-768x665.jpg 768w, https:\/\/alonsoglass.eu\/wp-content\/uploads\/2018\/09\/1a_LR-580x502.jpg 580w\" sizes=\"(max-width: 800px) 100vw, 800px\" \/><\/a><\/figure><\/li><li class=\"cmsmasters_gallery_item\"><figure><a href=\"https:\/\/alonsoglass.eu\/wp-content\/uploads\/2018\/08\/ikebana_alonso_design_10.jpg\" rel=\"ilightbox[xv7979iyhj]\"><img width=\"4016\" height=\"6016\" src=\"https:\/\/alonsoglass.eu\/wp-content\/uploads\/2018\/08\/ikebana_alonso_design_10.jpg\" class=\"attachment-full size-full\" alt=\"\" loading=\"lazy\" srcset=\"https:\/\/alonsoglass.eu\/wp-content\/uploads\/2018\/08\/ikebana_alonso_design_10.jpg 4016w, https:\/\/alonsoglass.eu\/wp-content\/uploads\/2018\/08\/ikebana_alonso_design_10-200x300.jpg 200w, https:\/\/alonsoglass.eu\/wp-content\/uploads\/2018\/08\/ikebana_alonso_design_10-768x1150.jpg 768w, https:\/\/alonsoglass.eu\/wp-content\/uploads\/2018\/08\/ikebana_alonso_design_10-684x1024.jpg 684w, https:\/\/alonsoglass.eu\/wp-content\/uploads\/2018\/08\/ikebana_alonso_design_10-580x869.jpg 580w, https:\/\/alonsoglass.eu\/wp-content\/uploads\/2018\/08\/ikebana_alonso_design_10-860x1288.jpg 860w, https:\/\/alonsoglass.eu\/wp-content\/uploads\/2018\/08\/ikebana_alonso_design_10-1160x1738.jpg 1160w\" sizes=\"(max-width: 4016px) 100vw, 4016px\" \/><\/a><\/figure><\/li><\/ul><\/div><div class=\"cmsmasters_text\">\n<p>Vase P\u00e9tain, sph\u00e9rique surmont\u00e9 d&rsquo;un col court l\u00e9g\u00e8rement \u00e9vas\u00e9, en cristal massif bleu-gris, taill\u00e9. Design de Joseph Simon pour l&rsquo;Exposition de Bruxelles de 1935, r\u00e9pertori\u00e9 <em>E[xposition] B[ruxelles] 2<\/em>, tail. 720.<\/p>\n<p>D\u00e9cor : taille de douze pans incurv\u00e9s sur le bas, d\u2019une large bande de motifs triangulaires au centre et, sur le haut de douze facettes incurv\u00e9es.<\/p>\n<p>&nbsp;<\/p>\n<p>H.: 26, diam. base : 14, diam. max.: 24, diam. embouchure : 17<\/p>\n<\/div>\n<\/div><\/div>\n<\/div>\n<\/div>\n<\/div>\n<\/div>\n<\/div>\n<div id=\"cmsmasters_row_se30clm3r\" class=\"cmsmasters_row cmsmasters_color_scheme_default cmsmasters_row_top_default cmsmasters_row_bot_default cmsmasters_row_boxed\">\n<div class=\"cmsmasters_row_outer_parent\">\n<div class=\"cmsmasters_row_outer\">\n<div class=\"cmsmasters_row_inner\">\n<div class=\"cmsmasters_row_margin\">\n<div id=\"cmsmasters_column_78l84kxgc\" class=\"cmsmasters_column one_first\">\n<div class=\"cmsmasters_column_inner\"><div class=\"cmsmasters_text\">\n<h4 style=\"text-align: center;\"><a href=\"https:\/\/alonsoglass.eu\/list\/\"><strong>Return to the highlight list<\/strong><\/a><\/h4>\n<\/div>\n<\/div><\/div>\n<\/div>\n<\/div>\n<\/div>\n<\/div>\n<\/div>\n\n","protected":false},"excerpt":{"rendered":"","protected":false},"author":1,"featured_media":15205,"parent":0,"menu_order":0,"comment_status":"closed","ping_status":"closed","template":"","meta":[],"_links":{"self":[{"href":"https:\/\/alonsoglass.eu\/fr\/wp-json\/wp\/v2\/pages\/18091\/"}],"collection":[{"href":"https:\/\/alonsoglass.eu\/fr\/wp-json\/wp\/v2\/pages\/"}],"about":[{"href":"https:\/\/alonsoglass.eu\/fr\/wp-json\/wp\/v2\/types\/page\/"}],"author":[{"embeddable":true,"href":"https:\/\/alonsoglass.eu\/fr\/wp-json\/wp\/v2\/users\/1\/"}],"replies":[{"embeddable":true,"href":"https:\/\/alonsoglass.eu\/fr\/wp-json\/wp\/v2\/comments\/?post=18091"}],"version-history":[{"count":1,"href":"https:\/\/alonsoglass.eu\/fr\/wp-json\/wp\/v2\/pages\/18091\/revisions\/"}],"predecessor-version":[{"id":18092,"href":"https:\/\/alonsoglass.eu\/fr\/wp-json\/wp\/v2\/pages\/18091\/revisions\/18092\/"}],"wp:featuredmedia":[{"embeddable":true,"href":"https:\/\/alonsoglass.eu\/fr\/wp-json\/wp\/v2\/media\/15205\/"}],"wp:attachment":[{"href":"https:\/\/alonsoglass.eu\/fr\/wp-json\/wp\/v2\/media\/?parent=18091"}],"curies":[{"name":"wp","href":"https:\/\/api.w.org\/{rel}","templated":true}]}}