{"id":18115,"date":"2025-08-13T23:41:28","date_gmt":"2025-08-13T21:41:28","guid":{"rendered":"https:\/\/alonsoglass.eu\/?page_id=18115"},"modified":"2025-08-13T23:46:06","modified_gmt":"2025-08-13T21:46:06","slug":"ref-2930-michael-powolny","status":"publish","type":"page","link":"https:\/\/alonsoglass.eu\/fr\/ref-2930-michael-powolny\/","title":{"rendered":"ref.29&#038;30 Michael Powolny"},"content":{"rendered":"<div id=\"cmsmasters_row_0rtm9fude9\" class=\"cmsmasters_row cmsmasters_color_scheme_default cmsmasters_row_top_default cmsmasters_row_bot_default cmsmasters_row_boxed\">\n<div class=\"cmsmasters_row_outer_parent\">\n<div class=\"cmsmasters_row_outer\">\n<div class=\"cmsmasters_row_inner\">\n<div class=\"cmsmasters_row_margin\">\n<div id=\"cmsmasters_column_z04d9tkjum\" class=\"cmsmasters_column one_first\">\n<div class=\"cmsmasters_column_inner\"><\/div><\/div>\n<\/div>\n<\/div>\n<\/div>\n<\/div>\n<\/div>\n<div id=\"cmsmasters_row_3p9jrlqcxc\" class=\"cmsmasters_row cmsmasters_color_scheme_default cmsmasters_row_top_default cmsmasters_row_bot_default cmsmasters_row_boxed\">\n<div class=\"cmsmasters_row_outer_parent\">\n<div class=\"cmsmasters_row_outer\">\n<div class=\"cmsmasters_row_inner\">\n<div class=\"cmsmasters_row_margin\">\n<div id=\"cmsmasters_column_v6k0b2mhlh\" class=\"cmsmasters_column one_first\">\n<div class=\"cmsmasters_column_inner\"><\/div><\/div>\n<\/div>\n<\/div>\n<\/div>\n<\/div>\n<\/div>\n<div id=\"cmsmasters_row_i326c03vtm\" class=\"cmsmasters_row cmsmasters_color_scheme_default cmsmasters_row_top_default cmsmasters_row_bot_default cmsmasters_row_boxed\">\n<div class=\"cmsmasters_row_outer_parent\">\n<div class=\"cmsmasters_row_outer\">\n<div class=\"cmsmasters_row_inner\">\n<div class=\"cmsmasters_row_margin\">\n<div id=\"cmsmasters_column_ns3tehleaw\" class=\"cmsmasters_column one_first\">\n<div class=\"cmsmasters_column_inner\"><div id=\"cmsmasters_heading_dqtidu9y7q\" class=\"cmsmasters_heading_wrap cmsmasters_heading_align_left\">\n\t<h2 class=\"cmsmasters_heading\">Michael Powolny<\/h2>\n<\/div><div id=\"cmsmasters_gallery_qjh6m3z5ro\" class=\"cmsmasters_gallery_wrap\" data-type=\"masonry\" data-count=\"0\"><ul class=\"cmsmasters_gallery cmsmasters_4 cmsmasters_more_items_loader\"><li class=\"cmsmasters_gallery_item\"><figure><a href=\"https:\/\/alonsoglass.eu\/wp-content\/uploads\/2018\/08\/29a_LR.jpg\" rel=\"ilightbox[qjh6m3z5ro]\"><img width=\"800\" height=\"1200\" src=\"https:\/\/alonsoglass.eu\/wp-content\/uploads\/2018\/08\/29a_LR.jpg\" class=\"attachment-full size-full\" alt=\"\" loading=\"lazy\" srcset=\"https:\/\/alonsoglass.eu\/wp-content\/uploads\/2018\/08\/29a_LR.jpg 800w, https:\/\/alonsoglass.eu\/wp-content\/uploads\/2018\/08\/29a_LR-200x300.jpg 200w, https:\/\/alonsoglass.eu\/wp-content\/uploads\/2018\/08\/29a_LR-768x1152.jpg 768w, https:\/\/alonsoglass.eu\/wp-content\/uploads\/2018\/08\/29a_LR-683x1024.jpg 683w, https:\/\/alonsoglass.eu\/wp-content\/uploads\/2018\/08\/29a_LR-580x870.jpg 580w\" sizes=\"(max-width: 800px) 100vw, 800px\" \/><\/a><\/figure><\/li><\/ul><\/div><div class=\"cmsmasters_text\">\n<p><strong>ref.29<\/strong><\/p>\n<p><span style=\"font-weight: 400;\">Petite amphore en verre jaune ocre et couche de couverture en verre clair. Bord et anses rapport\u00e9s en verre mauve tr\u00e8s fonc\u00e9. Vers 1914. Design de Michael Powolny. Loetz.<\/span><\/p>\n<p><span style=\"font-weight: 400;\">H.: 13, diam. base : 4, diam. max.: 8, diam. embouchure : 5<\/span><\/p>\n<p>&nbsp;<\/p>\n<p><strong>ref.30<\/strong><\/p>\n<p><span style=\"font-weight: 400;\">Petit vase en forme de sph\u00e8re l\u00e9g\u00e8rement aplatie \u00e0 petit col \u00e9vas\u00e9, en verre rouge et couche de couverture clair. Anses et bord rapport\u00e9s, en verre mauve tr\u00e8s fonc\u00e9. Vers 1914. Design de Michael Powolny. Loetz.<\/span><\/p>\n<p><span style=\"font-weight: 400;\">H.: 14, diam. base : 7, diam. max.: 15, diam. embouchure : 7<\/span><\/p>\n<\/div>\n<\/div><\/div>\n<\/div>\n<\/div>\n<\/div>\n<\/div>\n<\/div>\n<div id=\"cmsmasters_row_t1ikt1939\" class=\"cmsmasters_row cmsmasters_color_scheme_default cmsmasters_row_top_default cmsmasters_row_bot_default cmsmasters_row_boxed\">\n<div class=\"cmsmasters_row_outer_parent\">\n<div class=\"cmsmasters_row_outer\">\n<div class=\"cmsmasters_row_inner\">\n<div class=\"cmsmasters_row_margin\">\n<div id=\"cmsmasters_column_aommftb9b\" class=\"cmsmasters_column one_first\">\n<div class=\"cmsmasters_column_inner\"><div class=\"cmsmasters_text\">\n<h4 style=\"text-align: center;\"><a href=\"https:\/\/alonsoglass.eu\/list\/\"><strong>Return to the highlight list<\/strong><\/a><\/h4>\n<p>&nbsp;<\/p>\n<\/div>\n<\/div><\/div>\n<\/div>\n<\/div>\n<\/div>\n<\/div>\n<\/div>\n\n","protected":false},"excerpt":{"rendered":"","protected":false},"author":1,"featured_media":15180,"parent":0,"menu_order":0,"comment_status":"closed","ping_status":"closed","template":"","meta":[],"_links":{"self":[{"href":"https:\/\/alonsoglass.eu\/fr\/wp-json\/wp\/v2\/pages\/18115\/"}],"collection":[{"href":"https:\/\/alonsoglass.eu\/fr\/wp-json\/wp\/v2\/pages\/"}],"about":[{"href":"https:\/\/alonsoglass.eu\/fr\/wp-json\/wp\/v2\/types\/page\/"}],"author":[{"embeddable":true,"href":"https:\/\/alonsoglass.eu\/fr\/wp-json\/wp\/v2\/users\/1\/"}],"replies":[{"embeddable":true,"href":"https:\/\/alonsoglass.eu\/fr\/wp-json\/wp\/v2\/comments\/?post=18115"}],"version-history":[{"count":3,"href":"https:\/\/alonsoglass.eu\/fr\/wp-json\/wp\/v2\/pages\/18115\/revisions\/"}],"predecessor-version":[{"id":18117,"href":"https:\/\/alonsoglass.eu\/fr\/wp-json\/wp\/v2\/pages\/18115\/revisions\/18117\/"}],"wp:featuredmedia":[{"embeddable":true,"href":"https:\/\/alonsoglass.eu\/fr\/wp-json\/wp\/v2\/media\/15180\/"}],"wp:attachment":[{"href":"https:\/\/alonsoglass.eu\/fr\/wp-json\/wp\/v2\/media\/?parent=18115"}],"curies":[{"name":"wp","href":"https:\/\/api.w.org\/{rel}","templated":true}]}}