{"id":18137,"date":"2025-08-14T00:19:56","date_gmt":"2025-08-13T22:19:56","guid":{"rendered":"https:\/\/alonsoglass.eu\/?page_id=18137"},"modified":"2025-08-14T00:19:56","modified_gmt":"2025-08-13T22:19:56","slug":"ref-19-leon-ledru","status":"publish","type":"page","link":"https:\/\/alonsoglass.eu\/fr\/ref-19-leon-ledru\/","title":{"rendered":"ref.19 L\u00e9on Ledru"},"content":{"rendered":"<div id=\"cmsmasters_row_oocx1a82es\" class=\"cmsmasters_row cmsmasters_color_scheme_default cmsmasters_row_top_default cmsmasters_row_bot_default cmsmasters_row_boxed\">\n<div class=\"cmsmasters_row_outer_parent\">\n<div class=\"cmsmasters_row_outer\">\n<div class=\"cmsmasters_row_inner\">\n<div class=\"cmsmasters_row_margin\">\n<div id=\"cmsmasters_column_h31u5agmgg\" class=\"cmsmasters_column one_first\">\n<div class=\"cmsmasters_column_inner\"><\/div><\/div>\n<\/div>\n<\/div>\n<\/div>\n<\/div>\n<\/div>\n<div id=\"cmsmasters_row_to30jiqk\" class=\"cmsmasters_row cmsmasters_color_scheme_default cmsmasters_row_top_default cmsmasters_row_bot_default cmsmasters_row_boxed\">\n<div class=\"cmsmasters_row_outer_parent\">\n<div class=\"cmsmasters_row_outer\">\n<div class=\"cmsmasters_row_inner\">\n<div class=\"cmsmasters_row_margin\">\n<div id=\"cmsmasters_column_gbzd6b2b4l\" class=\"cmsmasters_column one_first\">\n<div class=\"cmsmasters_column_inner\"><\/div><\/div>\n<\/div>\n<\/div>\n<\/div>\n<\/div>\n<\/div>\n<div id=\"cmsmasters_row_ghrhq76yva\" class=\"cmsmasters_row cmsmasters_color_scheme_default cmsmasters_row_top_default cmsmasters_row_bot_default cmsmasters_row_boxed\">\n<div class=\"cmsmasters_row_outer_parent\">\n<div class=\"cmsmasters_row_outer\">\n<div class=\"cmsmasters_row_inner\">\n<div class=\"cmsmasters_row_margin\">\n<div id=\"cmsmasters_column_ki6lyrmsjt\" class=\"cmsmasters_column one_first\">\n<div class=\"cmsmasters_column_inner\"><div id=\"cmsmasters_heading_98pq8c54ip\" class=\"cmsmasters_heading_wrap cmsmasters_heading_align_left\">\n\t<h2 class=\"cmsmasters_heading\">L\u00e9on Ledru<\/h2>\n<\/div><div id=\"cmsmasters_gallery_llholuy6xh\" class=\"cmsmasters_gallery_wrap\" data-type=\"masonry\" data-count=\"0\"><ul class=\"cmsmasters_gallery cmsmasters_4 cmsmasters_more_items_loader\"><li class=\"cmsmasters_gallery_item\"><figure><a href=\"https:\/\/alonsoglass.eu\/wp-content\/uploads\/2018\/08\/19_LR.jpg\" rel=\"ilightbox[llholuy6xh]\"><img width=\"800\" height=\"1200\" src=\"https:\/\/alonsoglass.eu\/wp-content\/uploads\/2018\/08\/19_LR.jpg\" class=\"attachment-full size-full\" alt=\"\" loading=\"lazy\" srcset=\"https:\/\/alonsoglass.eu\/wp-content\/uploads\/2018\/08\/19_LR.jpg 800w, https:\/\/alonsoglass.eu\/wp-content\/uploads\/2018\/08\/19_LR-200x300.jpg 200w, https:\/\/alonsoglass.eu\/wp-content\/uploads\/2018\/08\/19_LR-768x1152.jpg 768w, https:\/\/alonsoglass.eu\/wp-content\/uploads\/2018\/08\/19_LR-683x1024.jpg 683w, https:\/\/alonsoglass.eu\/wp-content\/uploads\/2018\/08\/19_LR-580x870.jpg 580w\" sizes=\"(max-width: 800px) 100vw, 800px\" \/><\/a><\/figure><\/li><\/ul><\/div><div class=\"cmsmasters_text\">\n<p>Vase Algues, en forme de baril, en cristal pistache doubl\u00e9 violet, taill\u00e9. 1897-1903. Design de L\u00e9on Ledru, taille <em>M[odern] S[tyle]<\/em> <em>10<\/em>. Signature dor\u00e9e <em>Val Saint- Lambert<\/em> sur le culot.<\/p>\n<p>D\u00e9cor : taille de sillons sinueux sur le corps dans le style de Van de Velde, et d\u2019un biseau horizontal marqu\u00e9 \u00e0 l\u00b4or le long du bord.<\/p>\n<p>&nbsp;<\/p>\n<p>H.: 26, diam. base : 6, diam. max.: 9, diam. embouchure : 7<\/p>\n<\/div>\n<\/div><\/div>\n<\/div>\n<\/div>\n<\/div>\n<\/div>\n<\/div>\n<div id=\"cmsmasters_row_3uip4lhdhc\" class=\"cmsmasters_row cmsmasters_color_scheme_default cmsmasters_row_top_default cmsmasters_row_bot_default cmsmasters_row_boxed\">\n<div class=\"cmsmasters_row_outer_parent\">\n<div class=\"cmsmasters_row_outer\">\n<div class=\"cmsmasters_row_inner\">\n<div class=\"cmsmasters_row_margin\">\n<div id=\"cmsmasters_column_95ra2r6sjr\" class=\"cmsmasters_column one_first\">\n<div class=\"cmsmasters_column_inner\"><div class=\"cmsmasters_text\">\n<h4 style=\"text-align: center;\"><a href=\"https:\/\/alonsoglass.eu\/list\/\"><strong>Return to the highlight list<\/strong><\/a><\/h4>\n<\/div>\n<\/div><\/div>\n<\/div>\n<\/div>\n<\/div>\n<\/div>\n<\/div>\n\n","protected":false},"excerpt":{"rendered":"","protected":false},"author":1,"featured_media":15155,"parent":0,"menu_order":0,"comment_status":"closed","ping_status":"closed","template":"","meta":[],"_links":{"self":[{"href":"https:\/\/alonsoglass.eu\/fr\/wp-json\/wp\/v2\/pages\/18137\/"}],"collection":[{"href":"https:\/\/alonsoglass.eu\/fr\/wp-json\/wp\/v2\/pages\/"}],"about":[{"href":"https:\/\/alonsoglass.eu\/fr\/wp-json\/wp\/v2\/types\/page\/"}],"author":[{"embeddable":true,"href":"https:\/\/alonsoglass.eu\/fr\/wp-json\/wp\/v2\/users\/1\/"}],"replies":[{"embeddable":true,"href":"https:\/\/alonsoglass.eu\/fr\/wp-json\/wp\/v2\/comments\/?post=18137"}],"version-history":[{"count":1,"href":"https:\/\/alonsoglass.eu\/fr\/wp-json\/wp\/v2\/pages\/18137\/revisions\/"}],"predecessor-version":[{"id":18138,"href":"https:\/\/alonsoglass.eu\/fr\/wp-json\/wp\/v2\/pages\/18137\/revisions\/18138\/"}],"wp:featuredmedia":[{"embeddable":true,"href":"https:\/\/alonsoglass.eu\/fr\/wp-json\/wp\/v2\/media\/15155\/"}],"wp:attachment":[{"href":"https:\/\/alonsoglass.eu\/fr\/wp-json\/wp\/v2\/media\/?parent=18137"}],"curies":[{"name":"wp","href":"https:\/\/api.w.org\/{rel}","templated":true}]}}