{"id":18140,"date":"2025-08-14T00:23:46","date_gmt":"2025-08-13T22:23:46","guid":{"rendered":"https:\/\/alonsoglass.eu\/?page_id=18140"},"modified":"2025-08-14T00:23:46","modified_gmt":"2025-08-13T22:23:46","slug":"ref-16-corn","status":"publish","type":"page","link":"https:\/\/alonsoglass.eu\/fr\/ref-16-corn\/","title":{"rendered":"ref.16 Corn"},"content":{"rendered":"<div id=\"cmsmasters_row_7wjxfdulj\" class=\"cmsmasters_row cmsmasters_color_scheme_default cmsmasters_row_top_default cmsmasters_row_bot_default cmsmasters_row_boxed\">\n<div class=\"cmsmasters_row_outer_parent\">\n<div class=\"cmsmasters_row_outer\">\n<div class=\"cmsmasters_row_inner\">\n<div class=\"cmsmasters_row_margin\">\n<div id=\"cmsmasters_column_swwjxgtbco\" class=\"cmsmasters_column one_first\">\n<div class=\"cmsmasters_column_inner\"><\/div><\/div>\n<\/div>\n<\/div>\n<\/div>\n<\/div>\n<\/div>\n<div id=\"cmsmasters_row_7bxqe1rjt\" class=\"cmsmasters_row cmsmasters_color_scheme_default cmsmasters_row_top_default cmsmasters_row_bot_default cmsmasters_row_boxed\">\n<div class=\"cmsmasters_row_outer_parent\">\n<div class=\"cmsmasters_row_outer\">\n<div class=\"cmsmasters_row_inner\">\n<div class=\"cmsmasters_row_margin\">\n<div id=\"cmsmasters_column_ng8s0iv9fx\" class=\"cmsmasters_column one_first\">\n<div class=\"cmsmasters_column_inner\"><\/div><\/div>\n<\/div>\n<\/div>\n<\/div>\n<\/div>\n<\/div>\n<div id=\"cmsmasters_row_46vms2hk5i\" class=\"cmsmasters_row cmsmasters_color_scheme_default cmsmasters_row_top_default cmsmasters_row_bot_default cmsmasters_row_boxed\">\n<div class=\"cmsmasters_row_outer_parent\">\n<div class=\"cmsmasters_row_outer\">\n<div class=\"cmsmasters_row_inner\">\n<div class=\"cmsmasters_row_margin\">\n<div id=\"cmsmasters_column_zvo9hhgfbr\" class=\"cmsmasters_column one_first\">\n<div class=\"cmsmasters_column_inner\"><div id=\"cmsmasters_heading_cklw6irj5d\" class=\"cmsmasters_heading_wrap cmsmasters_heading_align_left\">\n\t<h2 class=\"cmsmasters_heading\">Corn<\/h2>\n<\/div><div id=\"cmsmasters_gallery_1vuchusx8d\" class=\"cmsmasters_gallery_wrap\" data-type=\"masonry\" data-count=\"0\"><ul class=\"cmsmasters_gallery cmsmasters_4 cmsmasters_more_items_loader\"><li class=\"cmsmasters_gallery_item\"><figure><a href=\"https:\/\/alonsoglass.eu\/wp-content\/uploads\/2018\/08\/16_LR.jpg\" rel=\"ilightbox[1vuchusx8d]\"><img width=\"800\" height=\"1200\" src=\"https:\/\/alonsoglass.eu\/wp-content\/uploads\/2018\/08\/16_LR.jpg\" class=\"attachment-full size-full\" alt=\"\" loading=\"lazy\" srcset=\"https:\/\/alonsoglass.eu\/wp-content\/uploads\/2018\/08\/16_LR.jpg 800w, https:\/\/alonsoglass.eu\/wp-content\/uploads\/2018\/08\/16_LR-200x300.jpg 200w, https:\/\/alonsoglass.eu\/wp-content\/uploads\/2018\/08\/16_LR-768x1152.jpg 768w, https:\/\/alonsoglass.eu\/wp-content\/uploads\/2018\/08\/16_LR-683x1024.jpg 683w, https:\/\/alonsoglass.eu\/wp-content\/uploads\/2018\/08\/16_LR-580x870.jpg 580w\" sizes=\"(max-width: 800px) 100vw, 800px\" \/><\/a><\/figure><\/li><\/ul><\/div><div class=\"cmsmasters_text\">\n<p>Vase soliflore en forme de bulbe, \u00e0 col renfl\u00e9 au centre, en cristal clair, taill\u00e9. Vers 1900.<\/p>\n<p>D\u00e9cor : taille sur tout le vase de petites facettes polygonales, s\u00e9par\u00e9es par des sillons verticaux curvilignes grav\u00e9s en intaille, donnant l\u2019apparence des grains et des feuilles d&rsquo;un \u00e9pi de ma\u00efs.<\/p>\n<p>H.: 30, diam. max.: 12, diam. embouchure : 5<\/p>\n<\/div>\n<\/div><\/div>\n<\/div>\n<\/div>\n<\/div>\n<\/div>\n<\/div>\n<div id=\"cmsmasters_row_3h1z68256\" class=\"cmsmasters_row cmsmasters_color_scheme_default cmsmasters_row_top_default cmsmasters_row_bot_default cmsmasters_row_boxed\">\n<div class=\"cmsmasters_row_outer_parent\">\n<div class=\"cmsmasters_row_outer\">\n<div class=\"cmsmasters_row_inner\">\n<div class=\"cmsmasters_row_margin\">\n<div id=\"cmsmasters_column_nrfuswwx8n\" class=\"cmsmasters_column one_first\">\n<div class=\"cmsmasters_column_inner\"><div class=\"cmsmasters_text\">\n<h4 style=\"text-align: center;\"><a href=\"https:\/\/alonsoglass.eu\/list\/\"><strong>Return to the highlight list<\/strong><\/a><\/h4>\n<\/div>\n<\/div><\/div>\n<\/div>\n<\/div>\n<\/div>\n<\/div>\n<\/div>\n\n","protected":false},"excerpt":{"rendered":"","protected":false},"author":1,"featured_media":15140,"parent":0,"menu_order":0,"comment_status":"closed","ping_status":"closed","template":"","meta":[],"_links":{"self":[{"href":"https:\/\/alonsoglass.eu\/fr\/wp-json\/wp\/v2\/pages\/18140\/"}],"collection":[{"href":"https:\/\/alonsoglass.eu\/fr\/wp-json\/wp\/v2\/pages\/"}],"about":[{"href":"https:\/\/alonsoglass.eu\/fr\/wp-json\/wp\/v2\/types\/page\/"}],"author":[{"embeddable":true,"href":"https:\/\/alonsoglass.eu\/fr\/wp-json\/wp\/v2\/users\/1\/"}],"replies":[{"embeddable":true,"href":"https:\/\/alonsoglass.eu\/fr\/wp-json\/wp\/v2\/comments\/?post=18140"}],"version-history":[{"count":2,"href":"https:\/\/alonsoglass.eu\/fr\/wp-json\/wp\/v2\/pages\/18140\/revisions\/"}],"predecessor-version":[{"id":18157,"href":"https:\/\/alonsoglass.eu\/fr\/wp-json\/wp\/v2\/pages\/18140\/revisions\/18157\/"}],"wp:featuredmedia":[{"embeddable":true,"href":"https:\/\/alonsoglass.eu\/fr\/wp-json\/wp\/v2\/media\/15140\/"}],"wp:attachment":[{"href":"https:\/\/alonsoglass.eu\/fr\/wp-json\/wp\/v2\/media\/?parent=18140"}],"curies":[{"name":"wp","href":"https:\/\/api.w.org\/{rel}","templated":true}]}}